{"id":8382,"date":"2025-04-27T13:44:58","date_gmt":"2025-04-27T11:44:58","guid":{"rendered":"https:\/\/devargas.com\/producto\/maria-con-el-nino-y-jose-trabajando-1-2\/"},"modified":"2025-11-12T19:08:28","modified_gmt":"2025-11-12T17:08:28","slug":"maria-con-el-nino-y-jose-trabajando-1-2","status":"publish","type":"product","link":"https:\/\/devargas.com\/de\/produkt\/maria-con-el-nino-y-jose-trabajando-1-2\/","title":{"rendered":"Mar\u00eda con el ni\u00f1o y jos\u00e9 trabajando 1\/2"},"content":{"rendered":"","protected":false},"excerpt":{"rendered":"","protected":false},"featured_media":12636,"comment_status":"open","ping_status":"closed","template":"","meta":{"_acf_changed":false},"product_brand":[],"product_cat":[20,115,116],"product_tag":[],"coleccion-de-obra-copy":[],"disciplina-copy":[],"disciplina":[],"coleccion-de-obra":[],"class_list":{"0":"post-8382","1":"product","2":"type-product","3":"status-publish","4":"has-post-thumbnail","6":"product_cat-galerias","7":"product_cat-gran-formato","8":"product_cat-primera-epoca","10":"first","11":"instock","12":"shipping-taxable","13":"product-type-simple"},"acf":[],"_links":{"self":[{"href":"https:\/\/devargas.com\/de\/wp-json\/wp\/v2\/product\/8382","targetHints":{"allow":["GET"]}}],"collection":[{"href":"https:\/\/devargas.com\/de\/wp-json\/wp\/v2\/product"}],"about":[{"href":"https:\/\/devargas.com\/de\/wp-json\/wp\/v2\/types\/product"}],"replies":[{"embeddable":true,"href":"https:\/\/devargas.com\/de\/wp-json\/wp\/v2\/comments?post=8382"}],"wp:featuredmedia":[{"embeddable":true,"href":"https:\/\/devargas.com\/de\/wp-json\/wp\/v2\/media\/12636"}],"wp:attachment":[{"href":"https:\/\/devargas.com\/de\/wp-json\/wp\/v2\/media?parent=8382"}],"wp:term":[{"taxonomy":"product_brand","embeddable":true,"href":"https:\/\/devargas.com\/de\/wp-json\/wp\/v2\/product_brand?post=8382"},{"taxonomy":"product_cat","embeddable":true,"href":"https:\/\/devargas.com\/de\/wp-json\/wp\/v2\/product_cat?post=8382"},{"taxonomy":"product_tag","embeddable":true,"href":"https:\/\/devargas.com\/de\/wp-json\/wp\/v2\/product_tag?post=8382"},{"taxonomy":"coleccion-de-obra-copy","embeddable":true,"href":"https:\/\/devargas.com\/de\/wp-json\/wp\/v2\/coleccion-de-obra-copy?post=8382"},{"taxonomy":"disciplina-copy","embeddable":true,"href":"https:\/\/devargas.com\/de\/wp-json\/wp\/v2\/disciplina-copy?post=8382"},{"taxonomy":"disciplina","embeddable":true,"href":"https:\/\/devargas.com\/de\/wp-json\/wp\/v2\/disciplina?post=8382"},{"taxonomy":"coleccion-de-obra","embeddable":true,"href":"https:\/\/devargas.com\/de\/wp-json\/wp\/v2\/coleccion-de-obra?post=8382"}],"curies":[{"name":"wp","href":"https:\/\/api.w.org\/{rel}","templated":true}]}}