{"id":8907,"date":"2024-10-04T00:00:00","date_gmt":"2023-10-04T05:39:36","guid":{"rendered":"https:\/\/wordpressthemes.live\/WP01\/WP007_musium\/default\/cart\/"},"modified":"2025-06-17T18:59:46","modified_gmt":"2025-06-17T16:59:46","slug":"cart","status":"publish","type":"page","link":"https:\/\/devargas.com\/en\/cart\/","title":{"rendered":"Carrito"},"content":{"rendered":"<div data-elementor-type=\"wp-page\" data-elementor-id=\"8907\" class=\"elementor elementor-8907\" data-elementor-post-type=\"page\">\n\t\t\t\t<div class=\"elementor-element elementor-element-79db463 e-flex e-con-boxed e-con e-parent\" data-id=\"79db463\" data-element_type=\"container\" data-e-type=\"container\">\n\t\t\t\t\t<div class=\"e-con-inner\">\n\t\t\t\t<div class=\"elementor-element elementor-element-019ab27 elementor-widget elementor-widget-heading\" data-id=\"019ab27\" data-element_type=\"widget\" data-e-type=\"widget\" data-widget_type=\"heading.default\">\n\t\t\t\t<div class=\"elementor-widget-container\">\n\t\t\t\t\t<h2 class=\"elementor-heading-title elementor-size-default\">Carrito<\/h2>\t\t\t\t<\/div>\n\t\t\t\t<\/div>\n\t\t\t\t\t<\/div>\n\t\t\t\t<\/div>\n\t\t\t\t<\/div>","protected":false},"excerpt":{"rendered":"<p>Carrito Eliminar art\u00edculo Imagen en miniatura Producto Precio Cantidad Subtotal &times; Ni\u00f1o tumbado atentado 400,00&nbsp;&euro; Ni\u00f1o tumbado atentado cantidad 400,00&nbsp;&euro; Actualizar el carrito Aplicar el cup\u00f3n Totales del carrito Subtotal 400,00&nbsp;&euro; Total 400,00&nbsp;&euro; Proceder al pago<\/p>","protected":false},"author":1,"featured_media":0,"parent":0,"menu_order":0,"comment_status":"closed","ping_status":"closed","template":"","meta":{"_acf_changed":false,"footnotes":""},"class_list":["post-8907","page","type-page","status-publish","hentry"],"acf":[],"_hostinger_reach_plugin_has_subscription_block":false,"_hostinger_reach_plugin_is_elementor":false,"_links":{"self":[{"href":"https:\/\/devargas.com\/en\/wp-json\/wp\/v2\/pages\/8907","targetHints":{"allow":["GET"]}}],"collection":[{"href":"https:\/\/devargas.com\/en\/wp-json\/wp\/v2\/pages"}],"about":[{"href":"https:\/\/devargas.com\/en\/wp-json\/wp\/v2\/types\/page"}],"author":[{"embeddable":true,"href":"https:\/\/devargas.com\/en\/wp-json\/wp\/v2\/users\/1"}],"replies":[{"embeddable":true,"href":"https:\/\/devargas.com\/en\/wp-json\/wp\/v2\/comments?post=8907"}],"version-history":[{"count":6,"href":"https:\/\/devargas.com\/en\/wp-json\/wp\/v2\/pages\/8907\/revisions"}],"predecessor-version":[{"id":9601,"href":"https:\/\/devargas.com\/en\/wp-json\/wp\/v2\/pages\/8907\/revisions\/9601"}],"wp:attachment":[{"href":"https:\/\/devargas.com\/en\/wp-json\/wp\/v2\/media?parent=8907"}],"curies":[{"name":"wp","href":"https:\/\/api.w.org\/{rel}","templated":true}]}}