{"id":9014,"date":"2025-04-29T15:40:45","date_gmt":"2025-04-29T15:40:45","guid":{"rendered":"https:\/\/devargas.com\/?page_id=9014"},"modified":"2025-11-29T16:24:37","modified_gmt":"2025-11-29T14:24:37","slug":"fundacion","status":"publish","type":"page","link":"https:\/\/devargas.com\/fr\/fundacion\/","title":{"rendered":"Fundaci\u00f3n"},"content":{"rendered":"<div data-elementor-type=\"wp-page\" data-elementor-id=\"9014\" class=\"elementor elementor-9014\" data-elementor-post-type=\"page\">\n\t\t\t\t<div class=\"elementor-element elementor-element-5780603 e-flex e-con-boxed e-con e-parent\" data-id=\"5780603\" data-element_type=\"container\" data-e-type=\"container\" data-settings=\"{&quot;background_background&quot;:&quot;classic&quot;}\">\n\t\t\t\t\t<div class=\"e-con-inner\">\n\t\t\t\t<div class=\"elementor-element elementor-element-b9b14dc elementor-widget elementor-widget-heading\" data-id=\"b9b14dc\" data-element_type=\"widget\" data-e-type=\"widget\" data-widget_type=\"heading.default\">\n\t\t\t\t<div class=\"elementor-widget-container\">\n\t\t\t\t\t<h2 class=\"elementor-heading-title elementor-size-default\">Fundaci\u00f3n<\/h2>\t\t\t\t<\/div>\n\t\t\t\t<\/div>\n\t\t\t\t\t<\/div>\n\t\t\t\t<\/div>\n\t\t<div class=\"elementor-element elementor-element-0b372c8 e-flex e-con-boxed e-con e-parent\" data-id=\"0b372c8\" data-element_type=\"container\" data-e-type=\"container\">\n\t\t\t\t\t<div class=\"e-con-inner\">\n\t\t<div class=\"elementor-element elementor-element-e973dcf e-con-full e-flex e-con e-child\" data-id=\"e973dcf\" data-element_type=\"container\" data-e-type=\"container\">\n\t\t\t\t<div class=\"elementor-element elementor-element-db1ede7 elementor-widget elementor-widget-image\" data-id=\"db1ede7\" data-element_type=\"widget\" data-e-type=\"widget\" data-widget_type=\"image.default\">\n\t\t\t\t<div class=\"elementor-widget-container\">\n\t\t\t\t\t\t\t\t\t\t\t\t\t\t\t<img fetchpriority=\"high\" decoding=\"async\" width=\"800\" height=\"528\" src=\"https:\/\/devargas.com\/wp-content\/uploads\/2025\/04\/E5A2220-1024x676.jpg\" class=\"attachment-large size-large wp-image-8983\" alt=\"\" srcset=\"https:\/\/devargas.com\/wp-content\/uploads\/2025\/04\/E5A2220-1024x676.jpg 1024w, https:\/\/devargas.com\/wp-content\/uploads\/2025\/04\/E5A2220-300x198.jpg 300w, https:\/\/devargas.com\/wp-content\/uploads\/2025\/04\/E5A2220-768x507.jpg 768w, https:\/\/devargas.com\/wp-content\/uploads\/2025\/04\/E5A2220-1536x1015.jpg 1536w, https:\/\/devargas.com\/wp-content\/uploads\/2025\/04\/E5A2220-600x396.jpg 600w, https:\/\/devargas.com\/wp-content\/uploads\/2025\/04\/E5A2220.jpg 1600w\" sizes=\"(max-width: 800px) 100vw, 800px\" \/>\t\t\t\t\t\t\t\t\t\t\t\t\t\t\t<\/div>\n\t\t\t\t<\/div>\n\t\t\t\t<div class=\"elementor-element elementor-element-fe335be elementor-widget elementor-widget-image\" data-id=\"fe335be\" data-element_type=\"widget\" data-e-type=\"widget\" data-widget_type=\"image.default\">\n\t\t\t\t<div class=\"elementor-widget-container\">\n\t\t\t\t\t\t\t\t\t\t\t\t\t\t\t<img decoding=\"async\" width=\"800\" height=\"534\" src=\"https:\/\/devargas.com\/wp-content\/uploads\/2025\/04\/E5A2242-1024x683.jpg\" class=\"attachment-large size-large wp-image-8984\" alt=\"\" srcset=\"https:\/\/devargas.com\/wp-content\/uploads\/2025\/04\/E5A2242-1024x683.jpg 1024w, https:\/\/devargas.com\/wp-content\/uploads\/2025\/04\/E5A2242-300x200.jpg 300w, https:\/\/devargas.com\/wp-content\/uploads\/2025\/04\/E5A2242-768x512.jpg 768w, https:\/\/devargas.com\/wp-content\/uploads\/2025\/04\/E5A2242-1536x1024.jpg 1536w, https:\/\/devargas.com\/wp-content\/uploads\/2025\/04\/E5A2242-600x400.jpg 600w, https:\/\/devargas.com\/wp-content\/uploads\/2025\/04\/E5A2242.jpg 1600w\" sizes=\"(max-width: 800px) 100vw, 800px\" \/>\t\t\t\t\t\t\t\t\t\t\t\t\t\t\t<\/div>\n\t\t\t\t<\/div>\n\t\t\t\t<\/div>\n\t\t<div class=\"elementor-element elementor-element-bc2cdf1 e-con-full e-flex e-con e-child\" data-id=\"bc2cdf1\" data-element_type=\"container\" data-e-type=\"container\" data-settings=\"{&quot;background_background&quot;:&quot;classic&quot;}\">\n\t\t\t\t<div class=\"elementor-element elementor-element-3e7444b elementor-widget elementor-widget-heading\" data-id=\"3e7444b\" data-element_type=\"widget\" data-e-type=\"widget\" data-widget_type=\"heading.default\">\n\t\t\t\t<div class=\"elementor-widget-container\">\n\t\t\t\t\t<h2 class=\"elementor-heading-title elementor-size-default\">\u00bfC\u00f3mo nace la Fundaci\u00f3n?<\/h2>\t\t\t\t<\/div>\n\t\t\t\t<\/div>\n\t\t\t\t<div class=\"elementor-element elementor-element-f57b92f elementor-widget elementor-widget-text-editor\" data-id=\"f57b92f\" data-element_type=\"widget\" data-e-type=\"widget\" data-widget_type=\"text-editor.default\">\n\t\t\t\t<div class=\"elementor-widget-container\">\n\t\t\t\t\t\t\t\t\t<p>La <strong>Fundaci\u00f3n DE VARGAS<\/strong> nace en 2011 como una iniciativa privada promovida por los miembros del patronato, quienes a lo largo de su vida de una manera u otra han convivido con el mundo de las artes de una manera especial.<\/p><p>La fascinaci\u00f3n por la obra y la persona de <strong>Ram\u00f3n DE VARGAS<\/strong> es el motor de dicha iniciativa.<\/p><p>No podemos olvidar grandes personas y grandes artistas que han aparecido en nuestra infancia y en nuestra madurez, como <strong>Venancio Blanco, V\u00e1zquez D\u00edaz<\/strong> y tantos otros.<\/p><p>A lo largo de todos estos a\u00f1os hemos aprendido a valorar y sobre todo a respetar la obra de cada artista.<\/p><p>Muchas son las maneras de expresar los sentimientos y las emociones pero sin duda el arte es una de las m\u00e1s completas y complejas.<\/p><p>Y por ello nos esforzaremos en difundir la obra de <strong>Ram\u00f3n DE VARGAS<\/strong> y de otros artistas.<\/p><p data-start=\"50\" data-end=\"291\">La Fundaci\u00f3n, atendidas las circunstancias de cada momento, tendr\u00e1 plena libertad para proyectar su actuaci\u00f3n hacia cualquiera de las finalidades expresadas, seg\u00fan los objetivos concretos que, a juicio de su Patronato, resulten prioritarios.<\/p><p data-start=\"293\" data-end=\"443\">El desarrollo de los fines de la Fundaci\u00f3n podr\u00e1 efectuarse, entre otros modos posibles, por los siguientes, que se enumeran sin prop\u00f3sito exhaustivo:<\/p><p data-start=\"445\" data-end=\"517\"><strong data-start=\"445\" data-end=\"451\">A)<\/strong> Por la Fundaci\u00f3n directamente, en instalaciones propias o ajenas.<\/p><p data-start=\"519\" data-end=\"631\"><strong data-start=\"519\" data-end=\"525\">B)<\/strong> Creando o cooperando a la creaci\u00f3n de otras entidades de naturaleza asociativa, fundacional o societaria.<\/p><p data-start=\"633\" data-end=\"874\"><strong data-start=\"633\" data-end=\"639\">C)<\/strong> Participando o colaborando en el desarrollo de las actividades de otras entidades, organismos, instituciones o personas de cualquier clase, f\u00edsicas y jur\u00eddicas, que de alg\u00fan modo puedan servir a los fines perseguidos por la Fundaci\u00f3n.<\/p>\t\t\t\t\t\t\t\t<\/div>\n\t\t\t\t<\/div>\n\t\t\t\t<\/div>\n\t\t\t\t\t<\/div>\n\t\t\t\t<\/div>\n\t\t<div class=\"elementor-element elementor-element-3a0ce77 e-flex e-con-boxed e-con e-parent\" data-id=\"3a0ce77\" data-element_type=\"container\" data-e-type=\"container\" data-settings=\"{&quot;background_background&quot;:&quot;classic&quot;}\">\n\t\t\t\t\t<div class=\"e-con-inner\">\n\t\t<div class=\"elementor-element elementor-element-b625f7a e-con-full e-flex e-con e-child\" data-id=\"b625f7a\" data-element_type=\"container\" data-e-type=\"container\">\n\t\t\t\t<div class=\"elementor-element elementor-element-34accb7 elementor-widget elementor-widget-heading\" data-id=\"34accb7\" data-element_type=\"widget\" data-e-type=\"widget\" data-widget_type=\"heading.default\">\n\t\t\t\t<div class=\"elementor-widget-container\">\n\t\t\t\t\t<h2 class=\"elementor-heading-title elementor-size-default\">Misi\u00f3n y Compromiso<\/h2>\t\t\t\t<\/div>\n\t\t\t\t<\/div>\n\t\t\t\t<div class=\"elementor-element elementor-element-68433ad elementor-widget elementor-widget-heading\" data-id=\"68433ad\" data-element_type=\"widget\" data-e-type=\"widget\" data-widget_type=\"heading.default\">\n\t\t\t\t<div class=\"elementor-widget-container\">\n\t\t\t\t\t<p class=\"elementor-heading-title elementor-size-default\"><b>Preservar, estudiar y difundir<\/b> la obra de Ram\u00f3n DE VARGAS, as\u00ed como apoyar la trayectoria de otros artistas cuyas obras nacen desde esa misma necesidad de comunicar lo esencial, lo verdadero.\n<br><br>\nNuestro <b>compromiso<\/b> va m\u00e1s all\u00e1 de la conservaci\u00f3n. Buscamos abrir espacios de di\u00e1logo, inspirar nuevas generaciones y mantener viva la llama de la creatividad. Porque creemos firmemente que el arte no debe guardarse en silencio, sino compartirse con generosidad.<\/p>\t\t\t\t<\/div>\n\t\t\t\t<\/div>\n\t\t\t\t<\/div>\n\t\t\t\t\t<\/div>\n\t\t\t\t<\/div>\n\t\t<div class=\"elementor-element elementor-element-1fe0ac2 e-flex e-con-boxed e-con e-parent\" data-id=\"1fe0ac2\" data-element_type=\"container\" data-e-type=\"container\">\n\t\t\t\t\t<div class=\"e-con-inner\">\n\t\t<div class=\"elementor-element elementor-element-f13bea0 e-con-full e-flex e-con e-child\" data-id=\"f13bea0\" data-element_type=\"container\" data-e-type=\"container\">\n\t\t\t\t<div class=\"elementor-element elementor-element-9439cb9 elementor-widget elementor-widget-heading\" data-id=\"9439cb9\" data-element_type=\"widget\" data-e-type=\"widget\" data-widget_type=\"heading.default\">\n\t\t\t\t<div class=\"elementor-widget-container\">\n\t\t\t\t\t<h2 class=\"elementor-heading-title elementor-size-default\">\u00d3rgano directivo<\/h2>\t\t\t\t<\/div>\n\t\t\t\t<\/div>\n\t\t<div class=\"elementor-element elementor-element-e4f84c5 e-con-full e-grid e-con e-child\" data-id=\"e4f84c5\" data-element_type=\"container\" data-e-type=\"container\">\n\t\t<div class=\"elementor-element elementor-element-7a1616b e-con-full e-flex e-con e-child\" data-id=\"7a1616b\" data-element_type=\"container\" data-e-type=\"container\">\n\t\t\t\t<div class=\"elementor-element elementor-element-72bf154 elementor-widget elementor-widget-image\" data-id=\"72bf154\" data-element_type=\"widget\" data-e-type=\"widget\" data-widget_type=\"image.default\">\n\t\t\t\t<div class=\"elementor-widget-container\">\n\t\t\t\t\t\t\t\t\t\t\t\t\t\t\t<img decoding=\"async\" src=\"https:\/\/fundaciondevargas.zohosites.eu\/Ramon-de-Vargas-500x473.jpg\" title=\"\" alt=\"\" loading=\"lazy\" \/>\t\t\t\t\t\t\t\t\t\t\t\t\t\t\t<\/div>\n\t\t\t\t<\/div>\n\t\t\t\t<div class=\"elementor-element elementor-element-16b36ab elementor-widget elementor-widget-heading\" data-id=\"16b36ab\" data-element_type=\"widget\" data-e-type=\"widget\" data-widget_type=\"heading.default\">\n\t\t\t\t<div class=\"elementor-widget-container\">\n\t\t\t\t\t<h2 class=\"elementor-heading-title elementor-size-default\">Ram\u00f3n DE VARGAS<\/h2>\t\t\t\t<\/div>\n\t\t\t\t<\/div>\n\t\t\t\t<div class=\"elementor-element elementor-element-6c5d7ab elementor-widget elementor-widget-heading\" data-id=\"6c5d7ab\" data-element_type=\"widget\" data-e-type=\"widget\" data-widget_type=\"heading.default\">\n\t\t\t\t<div class=\"elementor-widget-container\">\n\t\t\t\t\t<h2 class=\"elementor-heading-title elementor-size-default\">Fundador<\/h2>\t\t\t\t<\/div>\n\t\t\t\t<\/div>\n\t\t\t\t<\/div>\n\t\t<div class=\"elementor-element elementor-element-59a838d e-con-full e-flex e-con e-child\" data-id=\"59a838d\" data-element_type=\"container\" data-e-type=\"container\">\n\t\t\t\t<div class=\"elementor-element elementor-element-c276a18 elementor-widget elementor-widget-image\" data-id=\"c276a18\" data-element_type=\"widget\" data-e-type=\"widget\" data-widget_type=\"image.default\">\n\t\t\t\t<div class=\"elementor-widget-container\">\n\t\t\t\t\t\t\t\t\t\t\t\t\t\t\t<img decoding=\"async\" src=\"https:\/\/fundaciondevargas.zohosites.eu\/pablo-de-vargas.jpg\" title=\"\" alt=\"\" loading=\"lazy\" \/>\t\t\t\t\t\t\t\t\t\t\t\t\t\t\t<\/div>\n\t\t\t\t<\/div>\n\t\t\t\t<div class=\"elementor-element elementor-element-da8bf28 elementor-widget elementor-widget-heading\" data-id=\"da8bf28\" data-element_type=\"widget\" data-e-type=\"widget\" data-widget_type=\"heading.default\">\n\t\t\t\t<div class=\"elementor-widget-container\">\n\t\t\t\t\t<h2 class=\"elementor-heading-title elementor-size-default\">Pablo De Vargas Aldecoa<\/h2>\t\t\t\t<\/div>\n\t\t\t\t<\/div>\n\t\t\t\t<div class=\"elementor-element elementor-element-85a9c73 elementor-widget elementor-widget-heading\" data-id=\"85a9c73\" data-element_type=\"widget\" data-e-type=\"widget\" data-widget_type=\"heading.default\">\n\t\t\t\t<div class=\"elementor-widget-container\">\n\t\t\t\t\t<h2 class=\"elementor-heading-title elementor-size-default\">Presidente<\/h2>\t\t\t\t<\/div>\n\t\t\t\t<\/div>\n\t\t\t\t<\/div>\n\t\t<div class=\"elementor-element elementor-element-6c58c7e e-con-full e-flex e-con e-child\" data-id=\"6c58c7e\" data-element_type=\"container\" data-e-type=\"container\">\n\t\t\t\t<div class=\"elementor-element elementor-element-fec72f1 elementor-widget elementor-widget-image\" data-id=\"fec72f1\" data-element_type=\"widget\" data-e-type=\"widget\" data-widget_type=\"image.default\">\n\t\t\t\t<div class=\"elementor-widget-container\">\n\t\t\t\t\t\t\t\t\t\t\t\t\t\t\t<img decoding=\"async\" src=\"https:\/\/fundaciondevargas.zohosites.eu\/ana-aldecoa.jpg\" title=\"\" alt=\"\" loading=\"lazy\" \/>\t\t\t\t\t\t\t\t\t\t\t\t\t\t\t<\/div>\n\t\t\t\t<\/div>\n\t\t\t\t<div class=\"elementor-element elementor-element-10b9390 elementor-widget elementor-widget-heading\" data-id=\"10b9390\" data-element_type=\"widget\" data-e-type=\"widget\" data-widget_type=\"heading.default\">\n\t\t\t\t<div class=\"elementor-widget-container\">\n\t\t\t\t\t<h2 class=\"elementor-heading-title elementor-size-default\">Ana Aldecoa Lapeyra<\/h2>\t\t\t\t<\/div>\n\t\t\t\t<\/div>\n\t\t\t\t<div class=\"elementor-element elementor-element-c005585 elementor-widget elementor-widget-heading\" data-id=\"c005585\" data-element_type=\"widget\" data-e-type=\"widget\" data-widget_type=\"heading.default\">\n\t\t\t\t<div class=\"elementor-widget-container\">\n\t\t\t\t\t<h2 class=\"elementor-heading-title elementor-size-default\">Vice Presidenta<\/h2>\t\t\t\t<\/div>\n\t\t\t\t<\/div>\n\t\t\t\t<\/div>\n\t\t<div class=\"elementor-element elementor-element-bc841f3 e-con-full e-flex e-con e-child\" data-id=\"bc841f3\" data-element_type=\"container\" data-e-type=\"container\">\n\t\t\t\t<div class=\"elementor-element elementor-element-2dcd40e elementor-widget elementor-widget-image\" data-id=\"2dcd40e\" data-element_type=\"widget\" data-e-type=\"widget\" data-widget_type=\"image.default\">\n\t\t\t\t<div class=\"elementor-widget-container\">\n\t\t\t\t\t\t\t\t\t\t\t\t\t\t\t<img decoding=\"async\" src=\"https:\/\/fundaciondevargas.zohosites.eu\/lourdes.jpg\" title=\"\" alt=\"\" loading=\"lazy\" \/>\t\t\t\t\t\t\t\t\t\t\t\t\t\t\t<\/div>\n\t\t\t\t<\/div>\n\t\t\t\t<div class=\"elementor-element elementor-element-ddc4449 elementor-widget elementor-widget-heading\" data-id=\"ddc4449\" data-element_type=\"widget\" data-e-type=\"widget\" data-widget_type=\"heading.default\">\n\t\t\t\t<div class=\"elementor-widget-container\">\n\t\t\t\t\t<h2 class=\"elementor-heading-title elementor-size-default\">Lourdes de Vargas Aldecoa<\/h2>\t\t\t\t<\/div>\n\t\t\t\t<\/div>\n\t\t\t\t<div class=\"elementor-element elementor-element-88048af elementor-widget elementor-widget-heading\" data-id=\"88048af\" data-element_type=\"widget\" data-e-type=\"widget\" data-widget_type=\"heading.default\">\n\t\t\t\t<div class=\"elementor-widget-container\">\n\t\t\t\t\t<h2 class=\"elementor-heading-title elementor-size-default\">Patrona<\/h2>\t\t\t\t<\/div>\n\t\t\t\t<\/div>\n\t\t\t\t<\/div>\n\t\t<div class=\"elementor-element elementor-element-5c6c897 e-con-full e-flex e-con e-child\" data-id=\"5c6c897\" data-element_type=\"container\" data-e-type=\"container\">\n\t\t\t\t<div class=\"elementor-element elementor-element-e0c73da elementor-widget elementor-widget-image\" data-id=\"e0c73da\" data-element_type=\"widget\" data-e-type=\"widget\" data-widget_type=\"image.default\">\n\t\t\t\t<div class=\"elementor-widget-container\">\n\t\t\t\t\t\t\t\t\t\t\t\t\t\t\t<img decoding=\"async\" src=\"https:\/\/fundaciondevargas.zohosites.eu\/Ana-de-Vargas-Aldecoa.jpg\" title=\"\" alt=\"\" loading=\"lazy\" \/>\t\t\t\t\t\t\t\t\t\t\t\t\t\t\t<\/div>\n\t\t\t\t<\/div>\n\t\t\t\t<div class=\"elementor-element elementor-element-029b3f7 elementor-widget elementor-widget-heading\" data-id=\"029b3f7\" data-element_type=\"widget\" data-e-type=\"widget\" data-widget_type=\"heading.default\">\n\t\t\t\t<div class=\"elementor-widget-container\">\n\t\t\t\t\t<h2 class=\"elementor-heading-title elementor-size-default\">Ana De Vargas Aldecoa<\/h2>\t\t\t\t<\/div>\n\t\t\t\t<\/div>\n\t\t\t\t<div class=\"elementor-element elementor-element-38cd6bb elementor-widget elementor-widget-heading\" data-id=\"38cd6bb\" data-element_type=\"widget\" data-e-type=\"widget\" data-widget_type=\"heading.default\">\n\t\t\t\t<div class=\"elementor-widget-container\">\n\t\t\t\t\t<h2 class=\"elementor-heading-title elementor-size-default\">Patrona<\/h2>\t\t\t\t<\/div>\n\t\t\t\t<\/div>\n\t\t\t\t<\/div>\n\t\t<div class=\"elementor-element elementor-element-f6f193e e-con-full e-flex e-con e-child\" data-id=\"f6f193e\" data-element_type=\"container\" data-e-type=\"container\">\n\t\t\t\t<div class=\"elementor-element elementor-element-37698bf elementor-widget elementor-widget-image\" data-id=\"37698bf\" data-element_type=\"widget\" data-e-type=\"widget\" data-widget_type=\"image.default\">\n\t\t\t\t<div class=\"elementor-widget-container\">\n\t\t\t\t\t\t\t\t\t\t\t\t\t\t\t<img decoding=\"async\" src=\"https:\/\/fundaciondevargas.zohosites.eu\/maria-de-vargas.jpg\" title=\"\" alt=\"\" loading=\"lazy\" \/>\t\t\t\t\t\t\t\t\t\t\t\t\t\t\t<\/div>\n\t\t\t\t<\/div>\n\t\t\t\t<div class=\"elementor-element elementor-element-71c0f96 elementor-widget elementor-widget-heading\" data-id=\"71c0f96\" data-element_type=\"widget\" data-e-type=\"widget\" data-widget_type=\"heading.default\">\n\t\t\t\t<div class=\"elementor-widget-container\">\n\t\t\t\t\t<h2 class=\"elementor-heading-title elementor-size-default\">Mar\u00eda De Vargas Aldecoa<\/h2>\t\t\t\t<\/div>\n\t\t\t\t<\/div>\n\t\t\t\t<div class=\"elementor-element elementor-element-2675d4c elementor-widget elementor-widget-heading\" data-id=\"2675d4c\" data-element_type=\"widget\" data-e-type=\"widget\" data-widget_type=\"heading.default\">\n\t\t\t\t<div class=\"elementor-widget-container\">\n\t\t\t\t\t<h2 class=\"elementor-heading-title elementor-size-default\">Patrona<\/h2>\t\t\t\t<\/div>\n\t\t\t\t<\/div>\n\t\t\t\t<\/div>\n\t\t<div class=\"elementor-element elementor-element-4bdcc1b e-con-full e-flex e-con e-child\" data-id=\"4bdcc1b\" data-element_type=\"container\" data-e-type=\"container\">\n\t\t\t\t<div class=\"elementor-element elementor-element-146fbfc elementor-widget elementor-widget-image\" data-id=\"146fbfc\" data-element_type=\"widget\" data-e-type=\"widget\" data-widget_type=\"image.default\">\n\t\t\t\t<div class=\"elementor-widget-container\">\n\t\t\t\t\t\t\t\t\t\t\t\t\t\t\t<img decoding=\"async\" src=\"https:\/\/fundaciondevargas.zohosites.eu\/Ramon-de-Vargas-Aldecoa.jpg\" title=\"\" alt=\"\" loading=\"lazy\" \/>\t\t\t\t\t\t\t\t\t\t\t\t\t\t\t<\/div>\n\t\t\t\t<\/div>\n\t\t\t\t<div class=\"elementor-element elementor-element-dfc6ef0 elementor-widget elementor-widget-heading\" data-id=\"dfc6ef0\" data-element_type=\"widget\" data-e-type=\"widget\" data-widget_type=\"heading.default\">\n\t\t\t\t<div class=\"elementor-widget-container\">\n\t\t\t\t\t<h2 class=\"elementor-heading-title elementor-size-default\">Ram\u00f3n De Vargas Aldecoa<\/h2>\t\t\t\t<\/div>\n\t\t\t\t<\/div>\n\t\t\t\t<div class=\"elementor-element elementor-element-a56dd4d elementor-widget elementor-widget-heading\" data-id=\"a56dd4d\" data-element_type=\"widget\" data-e-type=\"widget\" data-widget_type=\"heading.default\">\n\t\t\t\t<div class=\"elementor-widget-container\">\n\t\t\t\t\t<h2 class=\"elementor-heading-title elementor-size-default\">Patrono<\/h2>\t\t\t\t<\/div>\n\t\t\t\t<\/div>\n\t\t\t\t<\/div>\n\t\t<div class=\"elementor-element elementor-element-9b2d958 e-con-full e-flex e-con e-child\" data-id=\"9b2d958\" data-element_type=\"container\" data-e-type=\"container\">\n\t\t\t\t<div class=\"elementor-element elementor-element-de691f7 elementor-widget elementor-widget-image\" data-id=\"de691f7\" data-element_type=\"widget\" data-e-type=\"widget\" data-widget_type=\"image.default\">\n\t\t\t\t<div class=\"elementor-widget-container\">\n\t\t\t\t\t\t\t\t\t\t\t\t\t\t\t<img decoding=\"async\" src=\"https:\/\/fundaciondevargas.zohosites.eu\/teresa-1.jpg\" title=\"\" alt=\"\" loading=\"lazy\" \/>\t\t\t\t\t\t\t\t\t\t\t\t\t\t\t<\/div>\n\t\t\t\t<\/div>\n\t\t\t\t<div class=\"elementor-element elementor-element-b52987e elementor-widget elementor-widget-heading\" data-id=\"b52987e\" data-element_type=\"widget\" data-e-type=\"widget\" data-widget_type=\"heading.default\">\n\t\t\t\t<div class=\"elementor-widget-container\">\n\t\t\t\t\t<h2 class=\"elementor-heading-title elementor-size-default\">Teresa De Vargas Aldecoa<\/h2>\t\t\t\t<\/div>\n\t\t\t\t<\/div>\n\t\t\t\t<div class=\"elementor-element elementor-element-973f07f elementor-widget elementor-widget-heading\" data-id=\"973f07f\" data-element_type=\"widget\" data-e-type=\"widget\" data-widget_type=\"heading.default\">\n\t\t\t\t<div class=\"elementor-widget-container\">\n\t\t\t\t\t<h2 class=\"elementor-heading-title elementor-size-default\">Patrona<\/h2>\t\t\t\t<\/div>\n\t\t\t\t<\/div>\n\t\t\t\t<\/div>\n\t\t<div class=\"elementor-element elementor-element-9f74ad5 e-con-full e-flex e-con e-child\" data-id=\"9f74ad5\" data-element_type=\"container\" data-e-type=\"container\">\n\t\t\t\t<div class=\"elementor-element elementor-element-8e3e736 elementor-widget elementor-widget-image\" data-id=\"8e3e736\" data-element_type=\"widget\" data-e-type=\"widget\" data-widget_type=\"image.default\">\n\t\t\t\t<div class=\"elementor-widget-container\">\n\t\t\t\t\t\t\t\t\t\t\t\t\t\t\t<img decoding=\"async\" src=\"https:\/\/fundaciondevargas.zohosites.eu\/perfil_960_720.png\" title=\"\" alt=\"\" loading=\"lazy\" \/>\t\t\t\t\t\t\t\t\t\t\t\t\t\t\t<\/div>\n\t\t\t\t<\/div>\n\t\t\t\t<div class=\"elementor-element elementor-element-65cbc80 elementor-widget elementor-widget-heading\" data-id=\"65cbc80\" data-element_type=\"widget\" data-e-type=\"widget\" data-widget_type=\"heading.default\">\n\t\t\t\t<div class=\"elementor-widget-container\">\n\t\t\t\t\t<h2 class=\"elementor-heading-title elementor-size-default\">Jose Juan Guerrero<\/h2>\t\t\t\t<\/div>\n\t\t\t\t<\/div>\n\t\t\t\t<div class=\"elementor-element elementor-element-52a7022 elementor-widget elementor-widget-heading\" data-id=\"52a7022\" data-element_type=\"widget\" data-e-type=\"widget\" data-widget_type=\"heading.default\">\n\t\t\t\t<div class=\"elementor-widget-container\">\n\t\t\t\t\t<h2 class=\"elementor-heading-title elementor-size-default\">Secretario<\/h2>\t\t\t\t<\/div>\n\t\t\t\t<\/div>\n\t\t\t\t<\/div>\n\t\t\t\t<\/div>\n\t\t\t\t<\/div>\n\t\t\t\t\t<\/div>\n\t\t\t\t<\/div>\n\t\t\t\t<\/div>","protected":false},"excerpt":{"rendered":"<p>\u00bfC\u00f3mo nace la Fundaci\u00f3n? La Fundaci\u00f3n DE VARGAS nace en 2011 como una iniciativa privada promovida por los miembros del patronato, quienes a lo largo de su vida de una manera u otra han convivido con el mundo de las artes de una manera especial. La fascinaci\u00f3n por la obra y la persona de Ram\u00f3n [&hellip;]<\/p>\n","protected":false},"author":1,"featured_media":0,"parent":0,"menu_order":0,"comment_status":"closed","ping_status":"closed","template":"","meta":{"_acf_changed":false,"footnotes":""},"class_list":["post-9014","page","type-page","status-publish","hentry"],"acf":[],"_hostinger_reach_plugin_has_subscription_block":false,"_hostinger_reach_plugin_is_elementor":false,"_links":{"self":[{"href":"https:\/\/devargas.com\/fr\/wp-json\/wp\/v2\/pages\/9014","targetHints":{"allow":["GET"]}}],"collection":[{"href":"https:\/\/devargas.com\/fr\/wp-json\/wp\/v2\/pages"}],"about":[{"href":"https:\/\/devargas.com\/fr\/wp-json\/wp\/v2\/types\/page"}],"author":[{"embeddable":true,"href":"https:\/\/devargas.com\/fr\/wp-json\/wp\/v2\/users\/1"}],"replies":[{"embeddable":true,"href":"https:\/\/devargas.com\/fr\/wp-json\/wp\/v2\/comments?post=9014"}],"version-history":[{"count":9,"href":"https:\/\/devargas.com\/fr\/wp-json\/wp\/v2\/pages\/9014\/revisions"}],"predecessor-version":[{"id":29489,"href":"https:\/\/devargas.com\/fr\/wp-json\/wp\/v2\/pages\/9014\/revisions\/29489"}],"wp:attachment":[{"href":"https:\/\/devargas.com\/fr\/wp-json\/wp\/v2\/media?parent=9014"}],"curies":[{"name":"wp","href":"https:\/\/api.w.org\/{rel}","templated":true}]}}