{"id":9002,"date":"2025-04-29T15:16:39","date_gmt":"2025-04-29T15:16:39","guid":{"rendered":"https:\/\/devargas.com\/?page_id=9002"},"modified":"2025-11-29T16:23:25","modified_gmt":"2025-11-29T14:23:25","slug":"de-vargas","status":"publish","type":"page","link":"https:\/\/devargas.com\/it\/de-vargas\/","title":{"rendered":"DE VARGAS"},"content":{"rendered":"<div data-elementor-type=\"wp-page\" data-elementor-id=\"9002\" class=\"elementor elementor-9002\" data-elementor-post-type=\"page\">\n\t\t\t\t<div class=\"elementor-element elementor-element-78528ea e-flex e-con-boxed e-con e-parent\" data-id=\"78528ea\" data-element_type=\"container\" data-e-type=\"container\" data-settings=\"{&quot;background_background&quot;:&quot;classic&quot;}\">\n\t\t\t\t\t<div class=\"e-con-inner\">\n\t\t\t\t<div class=\"elementor-element elementor-element-55ab996 elementor-widget elementor-widget-heading\" data-id=\"55ab996\" data-element_type=\"widget\" data-e-type=\"widget\" data-widget_type=\"heading.default\">\n\t\t\t\t<div class=\"elementor-widget-container\">\n\t\t\t\t\t<h2 class=\"elementor-heading-title elementor-size-default\">DE VARGAS<\/h2>\t\t\t\t<\/div>\n\t\t\t\t<\/div>\n\t\t\t\t\t<\/div>\n\t\t\t\t<\/div>\n\t\t<div class=\"elementor-element elementor-element-e1fea82 e-flex e-con-boxed e-con e-parent\" data-id=\"e1fea82\" data-element_type=\"container\" data-e-type=\"container\">\n\t\t\t\t\t<div class=\"e-con-inner\">\n\t\t<div class=\"elementor-element elementor-element-6d96c40 e-con-full e-flex e-con e-child\" data-id=\"6d96c40\" data-element_type=\"container\" data-e-type=\"container\">\n\t\t\t\t<div class=\"elementor-element elementor-element-5feb39b elementor-widget elementor-widget-image\" data-id=\"5feb39b\" data-element_type=\"widget\" data-e-type=\"widget\" data-widget_type=\"image.default\">\n\t\t\t\t<div class=\"elementor-widget-container\">\n\t\t\t\t\t\t\t\t\t\t\t\t\t\t\t<img fetchpriority=\"high\" decoding=\"async\" width=\"475\" height=\"515\" src=\"https:\/\/devargas.com\/wp-content\/uploads\/2025\/06\/Grafico_pegado-6_page-0001.jpg\" class=\"attachment-large size-large wp-image-9562\" alt=\"\" srcset=\"https:\/\/devargas.com\/wp-content\/uploads\/2025\/06\/Grafico_pegado-6_page-0001.jpg 475w, https:\/\/devargas.com\/wp-content\/uploads\/2025\/06\/Grafico_pegado-6_page-0001-277x300.jpg 277w\" sizes=\"(max-width: 475px) 100vw, 475px\" \/>\t\t\t\t\t\t\t\t\t\t\t\t\t\t\t<\/div>\n\t\t\t\t<\/div>\n\t\t\t\t<\/div>\n\t\t<div class=\"elementor-element elementor-element-53dd59b e-con-full e-flex e-con e-child\" data-id=\"53dd59b\" data-element_type=\"container\" data-e-type=\"container\">\n\t\t\t\t<div class=\"elementor-element elementor-element-7b75ff3 elementor-widget elementor-widget-heading\" data-id=\"7b75ff3\" data-element_type=\"widget\" data-e-type=\"widget\" data-widget_type=\"heading.default\">\n\t\t\t\t<div class=\"elementor-widget-container\">\n\t\t\t\t\t<h2 class=\"elementor-heading-title elementor-size-default\">Biograf\u00eda<\/h2>\t\t\t\t<\/div>\n\t\t\t\t<\/div>\n\t\t\t\t<div class=\"elementor-element elementor-element-5108ae5 elementor-widget elementor-widget-heading\" data-id=\"5108ae5\" data-element_type=\"widget\" data-e-type=\"widget\" data-widget_type=\"heading.default\">\n\t\t\t\t<div class=\"elementor-widget-container\">\n\t\t\t\t\t<p class=\"elementor-heading-title elementor-size-default\"><b>Ram\u00f3n DE VARGAS<\/b> es un artista polifac\u00e9tico y profundamente inquieto cuya obra ha dejado una huella duradera en el panorama art\u00edstico nacional e internacional. Aunque sus inicios estuvieron ligados a la m\u00fasica \u2014estudi\u00f3 viol\u00edn y piano\u2014, pronto descubri\u00f3 en la pintura su medio principal de expresi\u00f3n. Desde entonces, ha dedicado gran parte de su vida a esta disciplina, obteniendo reconocimientos como el <b>Gran Premio S\u00e9samo<\/b>, la <b>Medalla de las Artes, Ciencias y Letras de Francia<\/b> o la <b>Gaviota de Oro<\/b>. Su arte forma parte de colecciones de prestigio como el <b>Museo Vaticano<\/b>, el <b>Museo Nacional de R\u00edo de Janeiro<\/b>, el <b>Museo de Arte Contempor\u00e1neo de Madrid<\/b> o el <b>Museo Contempor\u00e1neo de San Francisco<\/b>.\n<br><br>\nM\u00e1s all\u00e1 de la pintura, su inagotable curiosidad le llev\u00f3 a explorar otras disciplinas como la <b>fotograf\u00eda<\/b>, el <b>cine<\/b>, el <b>v\u00eddeo experimental<\/b>, la <b>escultura<\/b>, la <b>composici\u00f3n musical<\/b> y la <b>escritura<\/b>, destacando en todas por su autenticidad y su deseo constante de experimentar. Fiel a s\u00ed mismo y ajeno a modas pasajeras, Ram\u00f3n DE VARGAS ha construido un lenguaje propio, intenso y profundamente humano. Su legado sigue vivo gracias a la <b>Fundaci\u00f3n DE VARGAS<\/b>, creada en 2011 para preservar, difundir y celebrar la obra de este creador incansable.\n<\/p>\t\t\t\t<\/div>\n\t\t\t\t<\/div>\n\t\t\t\t<\/div>\n\t\t\t\t\t<\/div>\n\t\t\t\t<\/div>\n\t\t<div class=\"elementor-element elementor-element-a0d94a3 e-flex e-con-boxed e-con e-parent\" data-id=\"a0d94a3\" data-element_type=\"container\" data-e-type=\"container\">\n\t\t\t\t\t<div class=\"e-con-inner\">\n\t\t<div class=\"elementor-element elementor-element-9d74830 e-con-full e-flex e-con e-child\" data-id=\"9d74830\" data-element_type=\"container\" data-e-type=\"container\">\n\t\t\t\t<div class=\"elementor-element elementor-element-903f656 elementor-widget elementor-widget-heading\" data-id=\"903f656\" data-element_type=\"widget\" data-e-type=\"widget\" data-widget_type=\"heading.default\">\n\t\t\t\t<div class=\"elementor-widget-container\">\n\t\t\t\t\t<h2 class=\"elementor-heading-title elementor-size-default\">Museos en los que encontrar al artista<\/h2>\t\t\t\t<\/div>\n\t\t\t\t<\/div>\n\t\t<div class=\"elementor-element elementor-element-d116d9c e-con-full e-flex e-con e-child\" data-id=\"d116d9c\" data-element_type=\"container\" data-e-type=\"container\">\n\t\t\t\t<div class=\"elementor-element elementor-element-d48f21e elementor-widget__width-initial elementor-icon-list--layout-traditional elementor-list-item-link-full_width elementor-widget elementor-widget-icon-list\" data-id=\"d48f21e\" data-element_type=\"widget\" data-e-type=\"widget\" data-widget_type=\"icon-list.default\">\n\t\t\t\t<div class=\"elementor-widget-container\">\n\t\t\t\t\t\t\t<ul class=\"elementor-icon-list-items\">\n\t\t\t\t\t\t\t<li class=\"elementor-icon-list-item\">\n\t\t\t\t\t\t\t\t\t\t<span class=\"elementor-icon-list-text\">Museo Vaticano (Vaticano)<\/span>\n\t\t\t\t\t\t\t\t\t<\/li>\n\t\t\t\t\t\t\t\t<li class=\"elementor-icon-list-item\">\n\t\t\t\t\t\t\t\t\t\t<span class=\"elementor-icon-list-text\">Kunstmuseum Winterthur (Suiza)<\/span>\n\t\t\t\t\t\t\t\t\t<\/li>\n\t\t\t\t\t\t\t\t<li class=\"elementor-icon-list-item\">\n\t\t\t\t\t\t\t\t\t\t<span class=\"elementor-icon-list-text\">Museo Nacional de R\u00edo de Janeiro (Brasil)<\/span>\n\t\t\t\t\t\t\t\t\t<\/li>\n\t\t\t\t\t\t\t\t<li class=\"elementor-icon-list-item\">\n\t\t\t\t\t\t\t\t\t\t<span class=\"elementor-icon-list-text\">Museo de Arte Contempor\u00e1neo de Madrid (Espa\u00f1a)<\/span>\n\t\t\t\t\t\t\t\t\t<\/li>\n\t\t\t\t\t\t\t\t<li class=\"elementor-icon-list-item\">\n\t\t\t\t\t\t\t\t\t\t<span class=\"elementor-icon-list-text\">Museo de Arte Contempor\u00e1neo de Bilbao (Espa\u00f1a)<\/span>\n\t\t\t\t\t\t\t\t\t<\/li>\n\t\t\t\t\t\t<\/ul>\n\t\t\t\t\t\t<\/div>\n\t\t\t\t<\/div>\n\t\t\t\t<div class=\"elementor-element elementor-element-5667151 elementor-widget__width-initial elementor-icon-list--layout-traditional elementor-list-item-link-full_width elementor-widget elementor-widget-icon-list\" data-id=\"5667151\" data-element_type=\"widget\" data-e-type=\"widget\" data-widget_type=\"icon-list.default\">\n\t\t\t\t<div class=\"elementor-widget-container\">\n\t\t\t\t\t\t\t<ul class=\"elementor-icon-list-items\">\n\t\t\t\t\t\t\t<li class=\"elementor-icon-list-item\">\n\t\t\t\t\t\t\t\t\t\t<span class=\"elementor-icon-list-text\">Museo de Arte Contempor\u00e1neo de \u00c1lava (Espa\u00f1a)<\/span>\n\t\t\t\t\t\t\t\t\t<\/li>\n\t\t\t\t\t\t\t\t<li class=\"elementor-icon-list-item\">\n\t\t\t\t\t\t\t\t\t\t<span class=\"elementor-icon-list-text\">Mus\u00e9e de Beaux Arts de la Ville de Paris (Francia)<\/span>\n\t\t\t\t\t\t\t\t\t<\/li>\n\t\t\t\t\t\t\t\t<li class=\"elementor-icon-list-item\">\n\t\t\t\t\t\t\t\t\t\t<span class=\"elementor-icon-list-text\">Winona School (Estados Unidos)<\/span>\n\t\t\t\t\t\t\t\t\t<\/li>\n\t\t\t\t\t\t\t\t<li class=\"elementor-icon-list-item\">\n\t\t\t\t\t\t\t\t\t\t<span class=\"elementor-icon-list-text\">The San Francisco Museum of Contemporary Hispanic Art (Estados Unidos)<\/span>\n\t\t\t\t\t\t\t\t\t<\/li>\n\t\t\t\t\t\t\t\t<li class=\"elementor-icon-list-item\">\n\t\t\t\t\t\t\t\t\t\t<span class=\"elementor-icon-list-text\">Centro Studi Sull'Arte Moderna di Brescia (Italia)<\/span>\n\t\t\t\t\t\t\t\t\t<\/li>\n\t\t\t\t\t\t<\/ul>\n\t\t\t\t\t\t<\/div>\n\t\t\t\t<\/div>\n\t\t\t\t<\/div>\n\t\t\t\t<\/div>\n\t\t\t\t\t<\/div>\n\t\t\t\t<\/div>\n\t\t<div class=\"elementor-element elementor-element-811ee24 e-flex e-con-boxed e-con e-parent\" data-id=\"811ee24\" data-element_type=\"container\" data-e-type=\"container\">\n\t\t\t\t\t<div class=\"e-con-inner\">\n\t\t<div class=\"elementor-element elementor-element-6d98126 e-con-full e-flex e-con e-child\" data-id=\"6d98126\" data-element_type=\"container\" data-e-type=\"container\">\n\t\t\t\t<div class=\"elementor-element elementor-element-35d66fb elementor-widget elementor-widget-image\" data-id=\"35d66fb\" data-element_type=\"widget\" data-e-type=\"widget\" data-widget_type=\"image.default\">\n\t\t\t\t<div class=\"elementor-widget-container\">\n\t\t\t\t\t\t\t\t\t\t\t\t\t\t\t<img decoding=\"async\" width=\"600\" height=\"508\" src=\"https:\/\/devargas.com\/wp-content\/uploads\/2025\/04\/ramon.jpg\" class=\"attachment-large size-large wp-image-9010\" alt=\"\" srcset=\"https:\/\/devargas.com\/wp-content\/uploads\/2025\/04\/ramon.jpg 600w, https:\/\/devargas.com\/wp-content\/uploads\/2025\/04\/ramon-300x254.jpg 300w\" sizes=\"(max-width: 600px) 100vw, 600px\" \/>\t\t\t\t\t\t\t\t\t\t\t\t\t\t\t<\/div>\n\t\t\t\t<\/div>\n\t\t\t\t<\/div>\n\t\t<div class=\"elementor-element elementor-element-0c88d4a e-con-full e-flex e-con e-child\" data-id=\"0c88d4a\" data-element_type=\"container\" data-e-type=\"container\">\n\t\t\t\t<div class=\"elementor-element elementor-element-080afc6 elementor-widget elementor-widget-heading\" data-id=\"080afc6\" data-element_type=\"widget\" data-e-type=\"widget\" data-widget_type=\"heading.default\">\n\t\t\t\t<div class=\"elementor-widget-container\">\n\t\t\t\t\t<h2 class=\"elementor-heading-title elementor-size-default\">Premios conseguidos<\/h2>\t\t\t\t<\/div>\n\t\t\t\t<\/div>\n\t\t\t\t<div class=\"elementor-element elementor-element-cce5046 elementor-icon-list--layout-traditional elementor-list-item-link-full_width elementor-widget elementor-widget-icon-list\" data-id=\"cce5046\" data-element_type=\"widget\" data-e-type=\"widget\" data-widget_type=\"icon-list.default\">\n\t\t\t\t<div class=\"elementor-widget-container\">\n\t\t\t\t\t\t\t<ul class=\"elementor-icon-list-items\">\n\t\t\t\t\t\t\t<li class=\"elementor-icon-list-item\">\n\t\t\t\t\t\t\t\t\t\t<span class=\"elementor-icon-list-text\">II GRAND PRIX D\u2019HIVER PARIS (Francia)<\/span>\n\t\t\t\t\t\t\t\t\t<\/li>\n\t\t\t\t\t\t\t\t<li class=\"elementor-icon-list-item\">\n\t\t\t\t\t\t\t\t\t\t<span class=\"elementor-icon-list-text\">III PRIX DU PORTRAIT PARIS (Francia)<\/span>\n\t\t\t\t\t\t\t\t\t<\/li>\n\t\t\t\t\t\t\t\t<li class=\"elementor-icon-list-item\">\n\t\t\t\t\t\t\t\t\t\t<span class=\"elementor-icon-list-text\">GRAN PREMIO SESAMO MADRID (Espa\u00f1a)<\/span>\n\t\t\t\t\t\t\t\t\t<\/li>\n\t\t\t\t\t\t\t\t<li class=\"elementor-icon-list-item\">\n\t\t\t\t\t\t\t\t\t\t<span class=\"elementor-icon-list-text\">DIPL\u00d4ME D\u2019HONNEUR DE L\u2019ART LIBRE PARIS (Francia)<\/span>\n\t\t\t\t\t\t\t\t\t<\/li>\n\t\t\t\t\t\t\t\t<li class=\"elementor-icon-list-item\">\n\t\t\t\t\t\t\t\t\t\t<span class=\"elementor-icon-list-text\">PREMIOS MONTE-CARLO LYON. PARIS (Francia)<\/span>\n\t\t\t\t\t\t\t\t\t<\/li>\n\t\t\t\t\t\t\t\t<li class=\"elementor-icon-list-item\">\n\t\t\t\t\t\t\t\t\t\t<span class=\"elementor-icon-list-text\">PRIX DE LYON (Francia)<\/span>\n\t\t\t\t\t\t\t\t\t<\/li>\n\t\t\t\t\t\t\t\t<li class=\"elementor-icon-list-item\">\n\t\t\t\t\t\t\t\t\t\t<span class=\"elementor-icon-list-text\">MEDAILLE VERMEILLE ARTS, SCIENCES ET L\u00c8TTRES DE FRANCIA (Francia)<\/span>\n\t\t\t\t\t\t\t\t\t<\/li>\n\t\t\t\t\t\t\t\t<li class=\"elementor-icon-list-item\">\n\t\t\t\t\t\t\t\t\t\t<span class=\"elementor-icon-list-text\">MEDAILLE D\u00b4HONNEUR DE LA SOCI\u00c9T\u00c9 D\u2019ENCOURAGEMENT AU PROGR\u00c9S (Francia)<\/span>\n\t\t\t\t\t\t\t\t\t<\/li>\n\t\t\t\t\t\t\t\t<li class=\"elementor-icon-list-item\">\n\t\t\t\t\t\t\t\t\t\t<span class=\"elementor-icon-list-text\">MEDAILLE D\u2019ARGENT DE L\u2019A.H.B (B\u00e9lgica)<\/span>\n\t\t\t\t\t\t\t\t\t<\/li>\n\t\t\t\t\t\t\t\t<li class=\"elementor-icon-list-item\">\n\t\t\t\t\t\t\t\t\t\t<span class=\"elementor-icon-list-text\">MEDAILLE D\u2019ARGENT DES ARTS SCIENCES ET LETTRES PARIS (Francia)<\/span>\n\t\t\t\t\t\t\t\t\t<\/li>\n\t\t\t\t\t\t\t\t<li class=\"elementor-icon-list-item\">\n\t\t\t\t\t\t\t\t\t\t<span class=\"elementor-icon-list-text\">MEDALLA DE PLATA S.S.PABLO VI (Vaticano)<\/span>\n\t\t\t\t\t\t\t\t\t<\/li>\n\t\t\t\t\t\t\t\t<li class=\"elementor-icon-list-item\">\n\t\t\t\t\t\t\t\t\t\t<span class=\"elementor-icon-list-text\">MEMBER HONNORIS CAUSA T.C. ACCADEMIA (Italia)<\/span>\n\t\t\t\t\t\t\t\t\t<\/li>\n\t\t\t\t\t\t\t\t<li class=\"elementor-icon-list-item\">\n\t\t\t\t\t\t\t\t\t\t<span class=\"elementor-icon-list-text\">MEMBER OF THE T.O.A. MUSEUM (Estados Unidos)<\/span>\n\t\t\t\t\t\t\t\t\t<\/li>\n\t\t\t\t\t\t\t\t<li class=\"elementor-icon-list-item\">\n\t\t\t\t\t\t\t\t\t\t<span class=\"elementor-icon-list-text\">MENCION HONORIFICA III GRAN CERTAMEN DE PINTURA CORDOBA (Spain)<\/span>\n\t\t\t\t\t\t\t\t\t<\/li>\n\t\t\t\t\t\t\t\t<li class=\"elementor-icon-list-item\">\n\t\t\t\t\t\t\t\t\t\t<span class=\"elementor-icon-list-text\">EXCELLENCE F.I.A.P. BERNA (Suiza)<\/span>\n\t\t\t\t\t\t\t\t\t<\/li>\n\t\t\t\t\t\t<\/ul>\n\t\t\t\t\t\t<\/div>\n\t\t\t\t<\/div>\n\t\t\t\t<\/div>\n\t\t\t\t\t<\/div>\n\t\t\t\t<\/div>\n\t\t<div class=\"elementor-element elementor-element-e52faf8 e-flex e-con-boxed e-con e-parent\" data-id=\"e52faf8\" data-element_type=\"container\" data-e-type=\"container\" data-settings=\"{&quot;background_background&quot;:&quot;classic&quot;}\">\n\t\t\t\t\t<div class=\"e-con-inner\">\n\t\t\t\t<div class=\"elementor-element elementor-element-8e0d18f elementor-widget elementor-widget-heading\" data-id=\"8e0d18f\" data-element_type=\"widget\" data-e-type=\"widget\" data-widget_type=\"heading.default\">\n\t\t\t\t<div class=\"elementor-widget-container\">\n\t\t\t\t\t<p class=\"elementor-heading-title elementor-size-default\">Informaci\u00f3n<\/p>\t\t\t\t<\/div>\n\t\t\t\t<\/div>\n\t\t\t\t<div class=\"elementor-element elementor-element-0284b0d elementor-widget elementor-widget-heading\" data-id=\"0284b0d\" data-element_type=\"widget\" data-e-type=\"widget\" data-widget_type=\"heading.default\">\n\t\t\t\t<div class=\"elementor-widget-container\">\n\t\t\t\t\t<h1 class=\"elementor-heading-title elementor-size-default\">DE VARGAS<\/h1>\t\t\t\t<\/div>\n\t\t\t\t<\/div>\n\t\t\t\t\t<\/div>\n\t\t\t\t<\/div>\n\t\t<div class=\"elementor-element elementor-element-5e92bea e-flex e-con-boxed e-con e-parent\" data-id=\"5e92bea\" data-element_type=\"container\" data-e-type=\"container\" data-settings=\"{&quot;background_background&quot;:&quot;classic&quot;}\">\n\t\t\t\t\t<div class=\"e-con-inner\">\n\t\t<div class=\"elementor-element elementor-element-075274e e-con-full e-flex e-con e-child\" data-id=\"075274e\" data-element_type=\"container\" data-e-type=\"container\">\n\t\t\t\t<div class=\"elementor-element elementor-element-4d6c262 elementor-widget elementor-widget-image\" data-id=\"4d6c262\" data-element_type=\"widget\" data-e-type=\"widget\" data-widget_type=\"image.default\">\n\t\t\t\t<div class=\"elementor-widget-container\">\n\t\t\t\t\t\t\t\t\t\t\t\t\t\t\t<img decoding=\"async\" width=\"512\" height=\"512\" src=\"https:\/\/devargas.com\/wp-content\/uploads\/2025\/05\/paper.png\" class=\"attachment-large size-large wp-image-9148\" alt=\"\" srcset=\"https:\/\/devargas.com\/wp-content\/uploads\/2025\/05\/paper.png 512w, https:\/\/devargas.com\/wp-content\/uploads\/2025\/05\/paper-300x300.png 300w, https:\/\/devargas.com\/wp-content\/uploads\/2025\/05\/paper-150x150.png 150w, https:\/\/devargas.com\/wp-content\/uploads\/2025\/05\/paper-100x100.png 100w\" sizes=\"(max-width: 512px) 100vw, 512px\" \/>\t\t\t\t\t\t\t\t\t\t\t\t\t\t\t<\/div>\n\t\t\t\t<\/div>\n\t\t\t\t<div class=\"elementor-element elementor-element-27aecad elementor-widget elementor-widget-heading\" data-id=\"27aecad\" data-element_type=\"widget\" data-e-type=\"widget\" data-widget_type=\"heading.default\">\n\t\t\t\t<div class=\"elementor-widget-container\">\n\t\t\t\t\t<h2 class=\"elementor-heading-title elementor-size-default\">CV<\/h2>\t\t\t\t<\/div>\n\t\t\t\t<\/div>\n\t\t\t\t<div class=\"elementor-element elementor-element-9d9f9be elementor-widget elementor-widget-heading\" data-id=\"9d9f9be\" data-element_type=\"widget\" data-e-type=\"widget\" data-widget_type=\"heading.default\">\n\t\t\t\t<div class=\"elementor-widget-container\">\n\t\t\t\t\t<p class=\"elementor-heading-title elementor-size-default\">Resumen de hitos mas relevantes<\/p>\t\t\t\t<\/div>\n\t\t\t\t<\/div>\n\t\t\t\t<div class=\"elementor-element elementor-element-f86f828 elementor-align-center elementor-widget elementor-widget-button\" data-id=\"f86f828\" data-element_type=\"widget\" data-e-type=\"widget\" data-widget_type=\"button.default\">\n\t\t\t\t<div class=\"elementor-widget-container\">\n\t\t\t\t\t\t\t\t\t<div class=\"elementor-button-wrapper\">\n\t\t\t\t\t<a class=\"elementor-button elementor-button-link elementor-size-sm\" href=\"https:\/\/devargas.com\/wp-content\/uploads\/2025\/05\/CV-CON-FOTO-Y-BIO-horizontal.pdf\" target=\"_blank\">\n\t\t\t\t\t\t<span class=\"elementor-button-content-wrapper\">\n\t\t\t\t\t\t\t\t\t<span class=\"elementor-button-text\">Ver PDF<\/span>\n\t\t\t\t\t<\/span>\n\t\t\t\t\t<\/a>\n\t\t\t\t<\/div>\n\t\t\t\t\t\t\t\t<\/div>\n\t\t\t\t<\/div>\n\t\t\t\t<\/div>\n\t\t<div class=\"elementor-element elementor-element-67cbfc0 e-con-full e-flex e-con e-child\" data-id=\"67cbfc0\" data-element_type=\"container\" data-e-type=\"container\">\n\t\t\t\t<div class=\"elementor-element elementor-element-0d32852 elementor-widget elementor-widget-image\" data-id=\"0d32852\" data-element_type=\"widget\" data-e-type=\"widget\" data-widget_type=\"image.default\">\n\t\t\t\t<div class=\"elementor-widget-container\">\n\t\t\t\t\t\t\t\t\t\t\t\t\t\t\t<img loading=\"lazy\" decoding=\"async\" width=\"512\" height=\"512\" src=\"https:\/\/devargas.com\/wp-content\/uploads\/2025\/05\/art.png\" class=\"attachment-large size-large wp-image-9147\" alt=\"\" srcset=\"https:\/\/devargas.com\/wp-content\/uploads\/2025\/05\/art.png 512w, https:\/\/devargas.com\/wp-content\/uploads\/2025\/05\/art-300x300.png 300w, https:\/\/devargas.com\/wp-content\/uploads\/2025\/05\/art-150x150.png 150w, https:\/\/devargas.com\/wp-content\/uploads\/2025\/05\/art-100x100.png 100w\" sizes=\"(max-width: 512px) 100vw, 512px\" \/>\t\t\t\t\t\t\t\t\t\t\t\t\t\t\t<\/div>\n\t\t\t\t<\/div>\n\t\t\t\t<div class=\"elementor-element elementor-element-22c3689 elementor-widget elementor-widget-heading\" data-id=\"22c3689\" data-element_type=\"widget\" data-e-type=\"widget\" data-widget_type=\"heading.default\">\n\t\t\t\t<div class=\"elementor-widget-container\">\n\t\t\t\t\t<h2 class=\"elementor-heading-title elementor-size-default\">Aproximaci\u00f3n Humana a DE VARGAS\n<\/h2>\t\t\t\t<\/div>\n\t\t\t\t<\/div>\n\t\t\t\t<div class=\"elementor-element elementor-element-768316b elementor-widget elementor-widget-heading\" data-id=\"768316b\" data-element_type=\"widget\" data-e-type=\"widget\" data-widget_type=\"heading.default\">\n\t\t\t\t<div class=\"elementor-widget-container\">\n\t\t\t\t\t<p class=\"elementor-heading-title elementor-size-default\">Liesbeth Aertsen Rolf Edelmann<\/p>\t\t\t\t<\/div>\n\t\t\t\t<\/div>\n\t\t\t\t<div class=\"elementor-element elementor-element-cf12793 elementor-align-center elementor-widget elementor-widget-button\" data-id=\"cf12793\" data-element_type=\"widget\" data-e-type=\"widget\" data-widget_type=\"button.default\">\n\t\t\t\t<div class=\"elementor-widget-container\">\n\t\t\t\t\t\t\t\t\t<div class=\"elementor-button-wrapper\">\n\t\t\t\t\t<a class=\"elementor-button elementor-button-link elementor-size-sm\" href=\"https:\/\/devargas.com\/wp-content\/uploads\/2025\/05\/LIESBETH-AERTSEN-ROLF-EDELMANN-.pdf\" target=\"_blank\">\n\t\t\t\t\t\t<span class=\"elementor-button-content-wrapper\">\n\t\t\t\t\t\t\t\t\t<span class=\"elementor-button-text\">Ver PDF<\/span>\n\t\t\t\t\t<\/span>\n\t\t\t\t\t<\/a>\n\t\t\t\t<\/div>\n\t\t\t\t\t\t\t\t<\/div>\n\t\t\t\t<\/div>\n\t\t\t\t<\/div>\n\t\t<div class=\"elementor-element elementor-element-99c6624 e-con-full e-flex e-con e-child\" data-id=\"99c6624\" data-element_type=\"container\" data-e-type=\"container\">\n\t\t\t\t<div class=\"elementor-element elementor-element-28864ef elementor-widget elementor-widget-image\" data-id=\"28864ef\" data-element_type=\"widget\" data-e-type=\"widget\" data-widget_type=\"image.default\">\n\t\t\t\t<div class=\"elementor-widget-container\">\n\t\t\t\t\t\t\t\t\t\t\t\t\t\t\t<img loading=\"lazy\" decoding=\"async\" width=\"512\" height=\"512\" src=\"https:\/\/devargas.com\/wp-content\/uploads\/2025\/05\/transparency.png\" class=\"attachment-large size-large wp-image-9149\" alt=\"\" srcset=\"https:\/\/devargas.com\/wp-content\/uploads\/2025\/05\/transparency.png 512w, https:\/\/devargas.com\/wp-content\/uploads\/2025\/05\/transparency-300x300.png 300w, https:\/\/devargas.com\/wp-content\/uploads\/2025\/05\/transparency-150x150.png 150w, https:\/\/devargas.com\/wp-content\/uploads\/2025\/05\/transparency-100x100.png 100w\" sizes=\"(max-width: 512px) 100vw, 512px\" \/>\t\t\t\t\t\t\t\t\t\t\t\t\t\t\t<\/div>\n\t\t\t\t<\/div>\n\t\t\t\t<div class=\"elementor-element elementor-element-6b00d7b elementor-widget elementor-widget-heading\" data-id=\"6b00d7b\" data-element_type=\"widget\" data-e-type=\"widget\" data-widget_type=\"heading.default\">\n\t\t\t\t<div class=\"elementor-widget-container\">\n\t\t\t\t\t<h2 class=\"elementor-heading-title elementor-size-default\">A fondo<\/h2>\t\t\t\t<\/div>\n\t\t\t\t<\/div>\n\t\t\t\t<div class=\"elementor-element elementor-element-f5011b6 elementor-widget elementor-widget-heading\" data-id=\"f5011b6\" data-element_type=\"widget\" data-e-type=\"widget\" data-widget_type=\"heading.default\">\n\t\t\t\t<div class=\"elementor-widget-container\">\n\t\t\t\t\t<p class=\"elementor-heading-title elementor-size-default\">Conoce su trayectoria<\/p>\t\t\t\t<\/div>\n\t\t\t\t<\/div>\n\t\t\t\t<div class=\"elementor-element elementor-element-743319d elementor-align-center elementor-widget elementor-widget-button\" data-id=\"743319d\" data-element_type=\"widget\" data-e-type=\"widget\" data-widget_type=\"button.default\">\n\t\t\t\t<div class=\"elementor-widget-container\">\n\t\t\t\t\t\t\t\t\t<div class=\"elementor-button-wrapper\">\n\t\t\t\t\t<a class=\"elementor-button elementor-button-link elementor-size-sm\" href=\"https:\/\/devargas.com\/wp-content\/uploads\/2025\/05\/CRONOLOGIA-BIOGRAFIA-ARTISTICA.pdf\" target=\"_blank\">\n\t\t\t\t\t\t<span class=\"elementor-button-content-wrapper\">\n\t\t\t\t\t\t\t\t\t<span class=\"elementor-button-text\">Ver PDF<\/span>\n\t\t\t\t\t<\/span>\n\t\t\t\t\t<\/a>\n\t\t\t\t<\/div>\n\t\t\t\t\t\t\t\t<\/div>\n\t\t\t\t<\/div>\n\t\t\t\t<\/div>\n\t\t\t\t\t<\/div>\n\t\t\t\t<\/div>\n\t\t\t\t<\/div>","protected":false},"excerpt":{"rendered":"<p>Biograf\u00eda Ram\u00f3n DE VARGAS es un artista polifac\u00e9tico y profundamente inquieto cuya obra ha dejado una huella duradera en el panorama art\u00edstico nacional e internacional. Aunque sus inicios estuvieron ligados a la m\u00fasica \u2014estudi\u00f3 viol\u00edn y piano\u2014, pronto descubri\u00f3 en la pintura su medio principal de expresi\u00f3n. Desde entonces, ha dedicado gran parte de su [&hellip;]<\/p>\n","protected":false},"author":1,"featured_media":0,"parent":0,"menu_order":0,"comment_status":"closed","ping_status":"closed","template":"","meta":{"_acf_changed":false,"footnotes":""},"class_list":["post-9002","page","type-page","status-publish","hentry"],"acf":[],"_hostinger_reach_plugin_has_subscription_block":false,"_hostinger_reach_plugin_is_elementor":false,"_links":{"self":[{"href":"https:\/\/devargas.com\/it\/wp-json\/wp\/v2\/pages\/9002","targetHints":{"allow":["GET"]}}],"collection":[{"href":"https:\/\/devargas.com\/it\/wp-json\/wp\/v2\/pages"}],"about":[{"href":"https:\/\/devargas.com\/it\/wp-json\/wp\/v2\/types\/page"}],"author":[{"embeddable":true,"href":"https:\/\/devargas.com\/it\/wp-json\/wp\/v2\/users\/1"}],"replies":[{"embeddable":true,"href":"https:\/\/devargas.com\/it\/wp-json\/wp\/v2\/comments?post=9002"}],"version-history":[{"count":15,"href":"https:\/\/devargas.com\/it\/wp-json\/wp\/v2\/pages\/9002\/revisions"}],"predecessor-version":[{"id":29486,"href":"https:\/\/devargas.com\/it\/wp-json\/wp\/v2\/pages\/9002\/revisions\/29486"}],"wp:attachment":[{"href":"https:\/\/devargas.com\/it\/wp-json\/wp\/v2\/media?parent=9002"}],"curies":[{"name":"wp","href":"https:\/\/api.w.org\/{rel}","templated":true}]}}